{"id":962,"date":"2018-09-22T01:56:46","date_gmt":"2018-09-21T22:56:46","guid":{"rendered":"https:\/\/green-point.at\/?page_id=962"},"modified":"2018-09-22T01:56:46","modified_gmt":"2018-09-21T22:56:46","slug":"disclaimer","status":"publish","type":"page","link":"https:\/\/green-point.at\/de\/disclaimer\/","title":{"rendered":"Disclaimer"},"content":{"rendered":"<p><span style=\"font-weight: 400;\">S\u00e4mtliche Inhalte dieser Website eingenommen die Gestaltung sowie Programmierung unterliegen dem Urheberrecht (Copyright). Die Vervielf\u00e4ltigung von Informationen oder Daten, die Verwendung von Texten, Textteilen oder Bildmaterial, bedarf der vorherigen Zustimmung des Urhebers dieser Website.<\/span><\/p>\n<p>&nbsp;<\/p>\n<p><span style=\"font-weight: 400;\">Alle Angaben, Darstellungen und Berechnungen wurden mit gr\u00f6\u00dfter Sorgfalt zusammengestellt. Dennoch kann keine Gew\u00e4hr f\u00fcr ihre Vollst\u00e4ndigkeit und Richtigkeit \u00fcbernommen werden. Gleiches gilt auch f\u00fcr alle anderen Webseiten, auf die durch Hyperlink verwiesen wird. Der Urheber dieser Website ist f\u00fcr den Inhalt der Webseiten, auf die verwiesen wird, nicht verantwortlich.<\/span><\/p>\n<p>&nbsp;<\/p>\n<p><span style=\"font-weight: 400;\">Die grafischen Darstellungen entsprechen dem aktuellen Planungsstand. S\u00e4mtliche Angaben wie insbesondere zur Gr\u00f6\u00dfe und Raumaufteilung sind unverbindlich, im Rahmen der tats\u00e4chlichen Projektrealisierung kann es dementsprechend zu Abweichungen kommen. Die auf den Pl\u00e4nen abgebildeten M\u00f6bel und Einrichtungsgegenst\u00e4nde sind lediglich Symbole und somit nicht Teil der zu erwerbenden Wohnungen.<\/span><\/p>","protected":false},"excerpt":{"rendered":"<p>S\u00e4mtliche Inhalte dieser Website eingenommen die Gestaltung sowie Programmierung unterliegen dem Urheberrecht (Copyright). Die Vervielf\u00e4ltigung von Informationen oder Daten, die Verwendung von Texten, Textteilen oder Bildmaterial, bedarf der vorherigen Zustimmung des Urhebers dieser Website. &nbsp; Alle Angaben, Darstellungen und Berechnungen wurden mit gr\u00f6\u00dfter Sorgfalt zusammengestellt. Dennoch kann keine Gew\u00e4hr f\u00fcr ihre Vollst\u00e4ndigkeit und Richtigkeit \u00fcbernommen [&hellip;]<\/p>\n","protected":false},"author":1,"featured_media":0,"parent":0,"menu_order":0,"comment_status":"closed","ping_status":"closed","template":"","meta":[],"_links":{"self":[{"href":"https:\/\/green-point.at\/de\/wp-json\/wp\/v2\/pages\/962"}],"collection":[{"href":"https:\/\/green-point.at\/de\/wp-json\/wp\/v2\/pages"}],"about":[{"href":"https:\/\/green-point.at\/de\/wp-json\/wp\/v2\/types\/page"}],"author":[{"embeddable":true,"href":"https:\/\/green-point.at\/de\/wp-json\/wp\/v2\/users\/1"}],"replies":[{"embeddable":true,"href":"https:\/\/green-point.at\/de\/wp-json\/wp\/v2\/comments?post=962"}],"version-history":[{"count":1,"href":"https:\/\/green-point.at\/de\/wp-json\/wp\/v2\/pages\/962\/revisions"}],"predecessor-version":[{"id":963,"href":"https:\/\/green-point.at\/de\/wp-json\/wp\/v2\/pages\/962\/revisions\/963"}],"wp:attachment":[{"href":"https:\/\/green-point.at\/de\/wp-json\/wp\/v2\/media?parent=962"}],"curies":[{"name":"wp","href":"https:\/\/api.w.org\/{rel}","templated":true}]}}